{"id":9391,"date":"2023-03-01T14:27:34","date_gmt":"2023-03-01T20:27:34","guid":{"rendered":"https:\/\/zewsdemo.com\/avolta\/industrias\/"},"modified":"2023-10-10T08:21:30","modified_gmt":"2023-10-10T14:21:30","slug":"industries","status":"publish","type":"page","link":"https:\/\/www.avoltaenergy.com\/en\/industries\/","title":{"rendered":"Industries"},"content":{"rendered":"\t\t<div data-elementor-type=\"wp-page\" data-elementor-id=\"9391\" class=\"elementor elementor-9391 elementor-4933\" data-elementor-post-type=\"page\">\n\t\t\t\t\t\t<section class=\"elementor-section elementor-top-section elementor-element elementor-element-52ac542 cspt-col-stretched-none cspt-bg-color-over-image elementor-section-boxed elementor-section-height-default elementor-section-height-default\" data-id=\"52ac542\" data-element_type=\"section\" data-e-type=\"section\">\n\t\t\t\t\t\t<div class=\"elementor-container elementor-column-gap-default\">\n\t\t\t\t\t<div class=\"elementor-column elementor-col-100 elementor-top-column elementor-element elementor-element-1aff33a cspt-bg-color-over-image\" data-id=\"1aff33a\" data-element_type=\"column\" data-e-type=\"column\">\n\t\t\t<div class=\"elementor-widget-wrap elementor-element-populated\">\n\t\t\t\t\t\t<div class=\"elementor-element elementor-element-58f7279 cspt-heading-style-1 cspt-align-left elementor-widget elementor-widget-cspt_heading\" data-id=\"58f7279\" data-element_type=\"widget\" data-e-type=\"widget\" data-widget_type=\"cspt_heading.default\">\n\t\t\t\t<div class=\"elementor-widget-container\">\n\t\t\t\t\t\t<div class=\"cspt-heading-subheading left-align cspt-reverse-heading-yes\"><div class=\"cspt-element-subtitle\">\n\t\t\t\n\t\t\t\tIndustries we cover\n\t\t\t\n\t\t\t<\/div>\n\t\t<h2 class=\"cspt-element-title\">\n\t\t\t\n\t\t\t\tSolar energy from Avolta Energy: Boosting the sustainability of industries\n\t\t\t\n\t\t\t<\/h2>\n\t\t<\/div>\t\t\t\t<\/div>\n\t\t\t\t<\/div>\n\t\t\t\t<div class=\"elementor-element elementor-element-f005f1b elementor-widget elementor-widget-cspt_blog_element\" data-id=\"f005f1b\" data-element_type=\"widget\" data-e-type=\"widget\" data-widget_type=\"cspt_blog_element.default\">\n\t\t\t\t<div class=\"elementor-widget-container\">\n\t\t\t\t\t\n\t\t<div class=\"creativesplanet-element creativesplanet-element-blog cspt-element-blog-style-3 creativesplanet-element-viewtype-row-column creativesplanet-gap-25px\" data-show=\"7\" data-columns=\"3\" data-loop=\"false\" data-autoplay=\"false\" data-center=\"false\" data-nav=\"false\" data-dots=\"false\" data-autoplayspeed=\"1000\" data-margin=\"25px\"><div class=\"creativesplanet-element-inner\">\n\t\t\n\t\t\t<div class=\"cspt-ele-header-area\">\n\t\t\t\t\t<div class=\"cspt-heading-subheading left-align \"><\/div>\n\t\t\t\t\n\t\t\t<\/div>\n\n\t\t\t<div class=\"cspt-element-posts-wrapper row multi-columns-row\">\n\n\t\t\t<div class=\"cspt-ele cspt-blog-ele col-md-4 industries cspt-term-199\"><article class=\"creativesplanet-ele creativesplanet-ele-blog cspt-blogbox-style-3 post-9312 post type-post status-publish format-standard has-post-thumbnail hentry category-industries\">\r\n\t<div class=\"post-item\">\r\n\t\t<div class=\"cspt-featured-container\">\t\t\t\t\r\n\t\t\t<div class=\"cspt-featured-wrapper\"><a href=\"https:\/\/www.avoltaenergy.com\/en\/medical-sector\/\"><img fetchpriority=\"high\" decoding=\"async\" width=\"770\" height=\"430\" src=\"https:\/\/www.avoltaenergy.com\/wp-content\/uploads\/2023\/03\/industria-de-dispositivos-medicos-770x430.webp\" class=\"attachment-cspt-img-770x430 size-cspt-img-770x430 wp-post-image\" alt=\"Paneles solares para Sector m\u00e9dico\" data-id=\"8950\" \/><\/a><\/div>\t\r\n\t\t<\/div>\r\n\t\t<div class=\"creativesplanet-box-content\">\t\r\n\t\t\t<div class=\"cspt-meta-container\">\r\n\t\t\t\t\t<span class=\"cspt-meta cspt-meta-date\"><a href=\"https:\/\/www.avoltaenergy.com\/en\/medical-sector\/\" rel=\"bookmark\"><time class=\"entry-date published\">03 Mar, 2020<\/time><time class=\"updated cspt-hide\">10 Oct, 2023<\/time><\/a><\/span>\n\t\t\t\t<\/div>\r\n\t\t\t<h2 class=\"cspt-post-title\"><a href=\"https:\/\/www.avoltaenergy.com\/en\/medical-sector\/\">Medical sector<\/a><\/h2>\r\n\t\t\t<div class=\"creativesplanet-box-desc\">\r\n\t\t\t\t<div class=\"creativesplanet-box-desc-text\">\r\n\t\t\t\t\t<p>Energy efficiency and cost savings are two of the primary keys to optimizing the profitability of the design, production and manufacturing processes of medical devices and equipment.<\/p>\n\t\t\t\t\t<div class=\"cspt-read-more-link\"><a href=\"https:\/\/www.avoltaenergy.com\/en\/medical-sector\/\">Read More<\/a><\/div>\r\n\t\t\t\t<\/div>\t\t\t\t\r\n\t\t\t<\/div>\r\n\t\t<\/div>\r\n\t<\/div>\r\n<\/article><\/div><div class=\"cspt-ele cspt-blog-ele col-md-4 industries cspt-term-199\"><article class=\"creativesplanet-ele creativesplanet-ele-blog cspt-blogbox-style-3 post-9295 post type-post status-publish format-standard has-post-thumbnail hentry category-industries\">\r\n\t<div class=\"post-item\">\r\n\t\t<div class=\"cspt-featured-container\">\t\t\t\t\r\n\t\t\t<div class=\"cspt-featured-wrapper\"><a href=\"https:\/\/www.avoltaenergy.com\/en\/supermarkets\/\"><img decoding=\"async\" width=\"770\" height=\"430\" src=\"https:\/\/www.avoltaenergy.com\/wp-content\/uploads\/2023\/03\/industria-supermercados-770x430.webp\" class=\"attachment-cspt-img-770x430 size-cspt-img-770x430 wp-post-image\" alt=\"Paneles solares para Supermercados\" data-id=\"8946\" \/><\/a><\/div>\t\r\n\t\t<\/div>\r\n\t\t<div class=\"creativesplanet-box-content\">\t\r\n\t\t\t<div class=\"cspt-meta-container\">\r\n\t\t\t\t\t<span class=\"cspt-meta cspt-meta-date\"><a href=\"https:\/\/www.avoltaenergy.com\/en\/supermarkets\/\" rel=\"bookmark\"><time class=\"entry-date published\">03 Mar, 2020<\/time><time class=\"updated cspt-hide\">10 Oct, 2023<\/time><\/a><\/span>\n\t\t\t\t<\/div>\r\n\t\t\t<h2 class=\"cspt-post-title\"><a href=\"https:\/\/www.avoltaenergy.com\/en\/supermarkets\/\">Supermarkets<\/a><\/h2>\r\n\t\t\t<div class=\"creativesplanet-box-desc\">\r\n\t\t\t\t<div class=\"creativesplanet-box-desc-text\">\r\n\t\t\t\t\t<p>According to the Madrid Energy Foundation, Spain, at a general level, energy consumption in the needs of air conditioning, refrigeration and industrial refrigeration of supermarkets represents 50% of their energy expenditure&#8230;<\/p>\n\t\t\t\t\t<div class=\"cspt-read-more-link\"><a href=\"https:\/\/www.avoltaenergy.com\/en\/supermarkets\/\">Read More<\/a><\/div>\r\n\t\t\t\t<\/div>\t\t\t\t\r\n\t\t\t<\/div>\r\n\t\t<\/div>\r\n\t<\/div>\r\n<\/article><\/div><div class=\"cspt-ele cspt-blog-ele col-md-4 industries cspt-term-199\"><article class=\"creativesplanet-ele creativesplanet-ele-blog cspt-blogbox-style-3 post-9288 post type-post status-publish format-standard has-post-thumbnail hentry category-industries\">\r\n\t<div class=\"post-item\">\r\n\t\t<div class=\"cspt-featured-container\">\t\t\t\t\r\n\t\t\t<div class=\"cspt-featured-wrapper\"><a href=\"https:\/\/www.avoltaenergy.com\/en\/hospitality-and-tourism\/\"><img decoding=\"async\" width=\"770\" height=\"430\" src=\"https:\/\/www.avoltaenergy.com\/wp-content\/uploads\/2023\/03\/industria-hotelera-770x430.webp\" class=\"attachment-cspt-img-770x430 size-cspt-img-770x430 wp-post-image\" alt=\"Solar Panels for Hospitality and Tourism\" data-id=\"8943\" \/><\/a><\/div>\t\r\n\t\t<\/div>\r\n\t\t<div class=\"creativesplanet-box-content\">\t\r\n\t\t\t<div class=\"cspt-meta-container\">\r\n\t\t\t\t\t<span class=\"cspt-meta cspt-meta-date\"><a href=\"https:\/\/www.avoltaenergy.com\/en\/hospitality-and-tourism\/\" rel=\"bookmark\"><time class=\"entry-date published\">03 Mar, 2020<\/time><time class=\"updated cspt-hide\">10 Oct, 2023<\/time><\/a><\/span>\n\t\t\t\t<\/div>\r\n\t\t\t<h2 class=\"cspt-post-title\"><a href=\"https:\/\/www.avoltaenergy.com\/en\/hospitality-and-tourism\/\">Hospitality and Tourism<\/a><\/h2>\r\n\t\t\t<div class=\"creativesplanet-box-desc\">\r\n\t\t\t\t<div class=\"creativesplanet-box-desc-text\">\r\n\t\t\t\t\t<p>AVOLTA Energy is an ally of all tourism companies that seek to make green investments with a quick return on investment to improve their competitiveness in the market and ensure the continuity of their business.<\/p>\n\t\t\t\t\t<div class=\"cspt-read-more-link\"><a href=\"https:\/\/www.avoltaenergy.com\/en\/hospitality-and-tourism\/\">Read More<\/a><\/div>\r\n\t\t\t\t<\/div>\t\t\t\t\r\n\t\t\t<\/div>\r\n\t\t<\/div>\r\n\t<\/div>\r\n<\/article><\/div><div class=\"cspt-ele cspt-blog-ele col-md-4 industries cspt-term-199\"><article class=\"creativesplanet-ele creativesplanet-ele-blog cspt-blogbox-style-3 post-9283 post type-post status-publish format-standard has-post-thumbnail hentry category-industries\">\r\n\t<div class=\"post-item\">\r\n\t\t<div class=\"cspt-featured-container\">\t\t\t\t\r\n\t\t\t<div class=\"cspt-featured-wrapper\"><a href=\"https:\/\/www.avoltaenergy.com\/en\/dairies\/\"><img loading=\"lazy\" decoding=\"async\" width=\"770\" height=\"430\" src=\"https:\/\/www.avoltaenergy.com\/wp-content\/uploads\/2023\/03\/industria-lecheria01-770x430.webp\" class=\"attachment-cspt-img-770x430 size-cspt-img-770x430 wp-post-image\" alt=\"Paneles solares para Lecher\u00edas\" data-id=\"8940\" \/><\/a><\/div>\t\r\n\t\t<\/div>\r\n\t\t<div class=\"creativesplanet-box-content\">\t\r\n\t\t\t<div class=\"cspt-meta-container\">\r\n\t\t\t\t\t<span class=\"cspt-meta cspt-meta-date\"><a href=\"https:\/\/www.avoltaenergy.com\/en\/dairies\/\" rel=\"bookmark\"><time class=\"entry-date published\">03 Mar, 2020<\/time><time class=\"updated cspt-hide\">10 Oct, 2023<\/time><\/a><\/span>\n\t\t\t\t<\/div>\r\n\t\t\t<h2 class=\"cspt-post-title\"><a href=\"https:\/\/www.avoltaenergy.com\/en\/dairies\/\">Dairies<\/a><\/h2>\r\n\t\t\t<div class=\"creativesplanet-box-desc\">\r\n\t\t\t\t<div class=\"creativesplanet-box-desc-text\">\r\n\t\t\t\t\t<p>According to the National Chamber of Milk Producers, the Costa Rican dairy sector is made up of nearly 26,000 farms and 2,500 formal companies, positively impacting some 200,000 families in the country.<\/p>\n\t\t\t\t\t<div class=\"cspt-read-more-link\"><a href=\"https:\/\/www.avoltaenergy.com\/en\/dairies\/\">Read More<\/a><\/div>\r\n\t\t\t\t<\/div>\t\t\t\t\r\n\t\t\t<\/div>\r\n\t\t<\/div>\r\n\t<\/div>\r\n<\/article><\/div><div class=\"cspt-ele cspt-blog-ele col-md-4 industries cspt-term-199\"><article class=\"creativesplanet-ele creativesplanet-ele-blog cspt-blogbox-style-3 post-9277 post type-post status-publish format-standard has-post-thumbnail hentry category-industries\">\r\n\t<div class=\"post-item\">\r\n\t\t<div class=\"cspt-featured-container\">\t\t\t\t\r\n\t\t\t<div class=\"cspt-featured-wrapper\"><a href=\"https:\/\/www.avoltaenergy.com\/en\/restaurants-and-bars\/\"><img loading=\"lazy\" decoding=\"async\" width=\"770\" height=\"430\" src=\"https:\/\/www.avoltaenergy.com\/wp-content\/uploads\/2023\/02\/industria-restaurantes-bares-770x430.webp\" class=\"attachment-cspt-img-770x430 size-cspt-img-770x430 wp-post-image\" alt=\"Panales solares para restaurantes y bares\" data-id=\"8641\" \/><\/a><\/div>\t\r\n\t\t<\/div>\r\n\t\t<div class=\"creativesplanet-box-content\">\t\r\n\t\t\t<div class=\"cspt-meta-container\">\r\n\t\t\t\t\t<span class=\"cspt-meta cspt-meta-date\"><a href=\"https:\/\/www.avoltaenergy.com\/en\/restaurants-and-bars\/\" rel=\"bookmark\"><time class=\"entry-date published\">02 Mar, 2020<\/time><time class=\"updated cspt-hide\">10 Oct, 2023<\/time><\/a><\/span>\n\t\t\t\t<\/div>\r\n\t\t\t<h2 class=\"cspt-post-title\"><a href=\"https:\/\/www.avoltaenergy.com\/en\/restaurants-and-bars\/\">Restaurants and bars<\/a><\/h2>\r\n\t\t\t<div class=\"creativesplanet-box-desc\">\r\n\t\t\t\t<div class=\"creativesplanet-box-desc-text\">\r\n\t\t\t\t\t<p>The energy consumption in bars and restaurants is a highly relevant factor to take into account among the monthly fixed expenses and, therefore, it is basic in the business cost model.<\/p>\n\t\t\t\t\t<div class=\"cspt-read-more-link\"><a href=\"https:\/\/www.avoltaenergy.com\/en\/restaurants-and-bars\/\">Read More<\/a><\/div>\r\n\t\t\t\t<\/div>\t\t\t\t\r\n\t\t\t<\/div>\r\n\t\t<\/div>\r\n\t<\/div>\r\n<\/article><\/div><div class=\"cspt-ele cspt-blog-ele col-md-4 industries cspt-term-199\"><article class=\"creativesplanet-ele creativesplanet-ele-blog cspt-blogbox-style-3 post-9268 post type-post status-publish format-standard has-post-thumbnail hentry category-industries\">\r\n\t<div class=\"post-item\">\r\n\t\t<div class=\"cspt-featured-container\">\t\t\t\t\r\n\t\t\t<div class=\"cspt-featured-wrapper\"><a href=\"https:\/\/www.avoltaenergy.com\/en\/hardware-stores\/\"><img loading=\"lazy\" decoding=\"async\" width=\"770\" height=\"430\" src=\"https:\/\/www.avoltaenergy.com\/wp-content\/uploads\/2023\/02\/industria-ferreterias-770x430.webp\" class=\"attachment-cspt-img-770x430 size-cspt-img-770x430 wp-post-image\" alt=\"Solar Panels for Hardware Stores\" data-id=\"8637\" \/><\/a><\/div>\t\r\n\t\t<\/div>\r\n\t\t<div class=\"creativesplanet-box-content\">\t\r\n\t\t\t<div class=\"cspt-meta-container\">\r\n\t\t\t\t\t<span class=\"cspt-meta cspt-meta-date\"><a href=\"https:\/\/www.avoltaenergy.com\/en\/hardware-stores\/\" rel=\"bookmark\"><time class=\"entry-date published\">02 Mar, 2020<\/time><time class=\"updated cspt-hide\">10 Oct, 2023<\/time><\/a><\/span>\n\t\t\t\t<\/div>\r\n\t\t\t<h2 class=\"cspt-post-title\"><a href=\"https:\/\/www.avoltaenergy.com\/en\/hardware-stores\/\">Hardware stores<\/a><\/h2>\r\n\t\t\t<div class=\"creativesplanet-box-desc\">\r\n\t\t\t\t<div class=\"creativesplanet-box-desc-text\">\r\n\t\t\t\t\t<p>According to the information released by Expo Concreto in 2022 (and replicated by Summa Magazine), Costa Rica has about 1,266 points of sale at the hardware store level, including stores with warehouses for materials&#8230;<\/p>\n\t\t\t\t\t<div class=\"cspt-read-more-link\"><a href=\"https:\/\/www.avoltaenergy.com\/en\/hardware-stores\/\">Read More<\/a><\/div>\r\n\t\t\t\t<\/div>\t\t\t\t\r\n\t\t\t<\/div>\r\n\t\t<\/div>\r\n\t<\/div>\r\n<\/article><\/div><div class=\"cspt-ele cspt-blog-ele col-md-4 industries cspt-term-199\"><article class=\"creativesplanet-ele creativesplanet-ele-blog cspt-blogbox-style-3 post-9259 post type-post status-publish format-standard has-post-thumbnail hentry category-industries\">\r\n\t<div class=\"post-item\">\r\n\t\t<div class=\"cspt-featured-container\">\t\t\t\t\r\n\t\t\t<div class=\"cspt-featured-wrapper\"><a href=\"https:\/\/www.avoltaenergy.com\/en\/educational-centers\/\"><img loading=\"lazy\" decoding=\"async\" width=\"770\" height=\"430\" src=\"https:\/\/www.avoltaenergy.com\/wp-content\/uploads\/2023\/02\/industria-centros-educativos-770x430.webp\" class=\"attachment-cspt-img-770x430 size-cspt-img-770x430 wp-post-image\" alt=\"Panales solares para Centros educativos\" data-id=\"8634\" \/><\/a><\/div>\t\r\n\t\t<\/div>\r\n\t\t<div class=\"creativesplanet-box-content\">\t\r\n\t\t\t<div class=\"cspt-meta-container\">\r\n\t\t\t\t\t<span class=\"cspt-meta cspt-meta-date\"><a href=\"https:\/\/www.avoltaenergy.com\/en\/educational-centers\/\" rel=\"bookmark\"><time class=\"entry-date published\">02 Feb, 2020<\/time><time class=\"updated cspt-hide\">10 Oct, 2023<\/time><\/a><\/span>\n\t\t\t\t<\/div>\r\n\t\t\t<h2 class=\"cspt-post-title\"><a href=\"https:\/\/www.avoltaenergy.com\/en\/educational-centers\/\">Educational centers<\/a><\/h2>\r\n\t\t\t<div class=\"creativesplanet-box-desc\">\r\n\t\t\t\t<div class=\"creativesplanet-box-desc-text\">\r\n\t\t\t\t\t<p>One of the Sustainable Development Goals (SDG) that appear on the agenda that the UN approved in 2015 is to improve access to more sustainable and non-polluting energy.<\/p>\n\t\t\t\t\t<div class=\"cspt-read-more-link\"><a href=\"https:\/\/www.avoltaenergy.com\/en\/educational-centers\/\">Read More<\/a><\/div>\r\n\t\t\t\t<\/div>\t\t\t\t\r\n\t\t\t<\/div>\r\n\t\t<\/div>\r\n\t<\/div>\r\n<\/article><\/div>\n\t\t\t<\/div>\n\t\t\t\n\t\t\t\n\t\t\t\n\t\t\n\t\t<\/div><!-- .creativesplanet-element-inner -->   <\/div><!-- .creativesplanet-element -->  \n\t    \t\t\t\t<\/div>\n\t\t\t\t<\/div>\n\t\t\t\t\t<\/div>\n\t\t<\/div>\n\t\t\t\t\t<\/div>\n\t\t<\/section>\n\t\t\t\t<\/div>\n\t\t","protected":false},"excerpt":{"rendered":"<p>Industries we cover Solar energy from Avolta Energy: Boosting the sustainability of industries 03 Mar, 202022 Sep, 2023 Sector m\u00e9dico La eficiencia energ\u00e9tica y el ahorro en costos son dos de las claves primordiales para optimizar la rentabilidad de los procesos de dise\u00f1o, producci\u00f3n y manufactura de dispositivos y equipo m\u00e9dico. Leer m\u00e1s 03 Mar, 202022 Sep, 2023 Supermercados Seg\u00fan la Fundaci\u00f3n de la Energ\u00eda de Madrid, Espa\u00f1a, a nivel[&hellip;]<\/p>\n","protected":false},"author":1,"featured_media":10579,"parent":0,"menu_order":0,"comment_status":"closed","ping_status":"closed","template":"","meta":{"_acf_changed":false,"_joinchat":[],"footnotes":""},"class_list":["post-9391","page","type-page","status-publish","has-post-thumbnail","hentry"],"acf":[],"yoast_head":"<!-- This site is optimized with the Yoast SEO plugin v27.3 - https:\/\/yoast.com\/product\/yoast-seo-wordpress\/ -->\n<title>Photovoltaic panels - Solar energy systems - Costa Rica<\/title>\n<meta name=\"description\" content=\"Avolta Energy photovoltaic panels: Powering the sustainability of industries. Energy efficiency and cost savings...\" \/>\n<meta name=\"robots\" content=\"index, follow, max-snippet:-1, max-image-preview:large, max-video-preview:-1\" \/>\n<link rel=\"canonical\" href=\"https:\/\/www.avoltaenergy.com\/en\/industries\/\" \/>\n<meta property=\"og:locale\" content=\"en_US\" \/>\n<meta property=\"og:type\" content=\"article\" \/>\n<meta property=\"og:title\" content=\"Photovoltaic panels - Solar energy systems - Costa Rica\" \/>\n<meta property=\"og:description\" content=\"Avolta Energy photovoltaic panels: Powering the sustainability of industries. Energy efficiency and cost savings...\" \/>\n<meta property=\"og:url\" content=\"https:\/\/www.avoltaenergy.com\/en\/industries\/\" \/>\n<meta property=\"og:site_name\" content=\"Avolta Energy\" \/>\n<meta property=\"article:publisher\" content=\"https:\/\/www.facebook.com\/AvoltaEnergyCostaRica\/?locale=es_LA\" \/>\n<meta property=\"article:modified_time\" content=\"2023-10-10T14:21:30+00:00\" \/>\n<meta property=\"og:image\" content=\"https:\/\/www.avoltaenergy.com\/wp-content\/uploads\/2023\/03\/top-insdustrias.webp\" \/>\n\t<meta property=\"og:image:width\" content=\"1600\" \/>\n\t<meta property=\"og:image:height\" content=\"600\" \/>\n\t<meta property=\"og:image:type\" content=\"image\/webp\" \/>\n<meta name=\"twitter:card\" content=\"summary_large_image\" \/>\n<meta name=\"twitter:label1\" content=\"Est. reading time\" \/>\n\t<meta name=\"twitter:data1\" content=\"1 minute\" \/>\n<script type=\"application\/ld+json\" class=\"yoast-schema-graph\">{\"@context\":\"https:\\\/\\\/schema.org\",\"@graph\":[{\"@type\":\"WebPage\",\"@id\":\"https:\\\/\\\/www.avoltaenergy.com\\\/en\\\/industries\\\/\",\"url\":\"https:\\\/\\\/www.avoltaenergy.com\\\/en\\\/industries\\\/\",\"name\":\"Photovoltaic panels - Solar energy systems - Costa Rica\",\"isPartOf\":{\"@id\":\"https:\\\/\\\/www.avoltaenergy.com\\\/en\\\/#website\"},\"primaryImageOfPage\":{\"@id\":\"https:\\\/\\\/www.avoltaenergy.com\\\/en\\\/industries\\\/#primaryimage\"},\"image\":{\"@id\":\"https:\\\/\\\/www.avoltaenergy.com\\\/en\\\/industries\\\/#primaryimage\"},\"thumbnailUrl\":\"https:\\\/\\\/www.avoltaenergy.com\\\/wp-content\\\/uploads\\\/2023\\\/03\\\/top-insdustrias.webp\",\"datePublished\":\"2023-03-01T20:27:34+00:00\",\"dateModified\":\"2023-10-10T14:21:30+00:00\",\"description\":\"Avolta Energy photovoltaic panels: Powering the sustainability of industries. Energy efficiency and cost savings...\",\"breadcrumb\":{\"@id\":\"https:\\\/\\\/www.avoltaenergy.com\\\/en\\\/industries\\\/#breadcrumb\"},\"inLanguage\":\"en-US\",\"potentialAction\":[{\"@type\":\"ReadAction\",\"target\":[\"https:\\\/\\\/www.avoltaenergy.com\\\/en\\\/industries\\\/\"]}]},{\"@type\":\"ImageObject\",\"inLanguage\":\"en-US\",\"@id\":\"https:\\\/\\\/www.avoltaenergy.com\\\/en\\\/industries\\\/#primaryimage\",\"url\":\"https:\\\/\\\/www.avoltaenergy.com\\\/wp-content\\\/uploads\\\/2023\\\/03\\\/top-insdustrias.webp\",\"contentUrl\":\"https:\\\/\\\/www.avoltaenergy.com\\\/wp-content\\\/uploads\\\/2023\\\/03\\\/top-insdustrias.webp\",\"width\":1600,\"height\":600,\"caption\":\"Paneles fotovoltaicos\"},{\"@type\":\"BreadcrumbList\",\"@id\":\"https:\\\/\\\/www.avoltaenergy.com\\\/en\\\/industries\\\/#breadcrumb\",\"itemListElement\":[{\"@type\":\"ListItem\",\"position\":1,\"name\":\"Home\",\"item\":\"https:\\\/\\\/www.avoltaenergy.com\\\/en\\\/\"},{\"@type\":\"ListItem\",\"position\":2,\"name\":\"Industries\"}]},{\"@type\":\"WebSite\",\"@id\":\"https:\\\/\\\/www.avoltaenergy.com\\\/en\\\/#website\",\"url\":\"https:\\\/\\\/www.avoltaenergy.com\\\/en\\\/\",\"name\":\"Avolta Energy\",\"description\":\"Soluciones Fotovoltaicas\",\"publisher\":{\"@id\":\"https:\\\/\\\/www.avoltaenergy.com\\\/en\\\/#organization\"},\"potentialAction\":[{\"@type\":\"SearchAction\",\"target\":{\"@type\":\"EntryPoint\",\"urlTemplate\":\"https:\\\/\\\/www.avoltaenergy.com\\\/en\\\/?s={search_term_string}\"},\"query-input\":{\"@type\":\"PropertyValueSpecification\",\"valueRequired\":true,\"valueName\":\"search_term_string\"}}],\"inLanguage\":\"en-US\"},{\"@type\":\"Organization\",\"@id\":\"https:\\\/\\\/www.avoltaenergy.com\\\/en\\\/#organization\",\"name\":\"Avolta Energy\",\"url\":\"https:\\\/\\\/www.avoltaenergy.com\\\/en\\\/\",\"logo\":{\"@type\":\"ImageObject\",\"inLanguage\":\"en-US\",\"@id\":\"https:\\\/\\\/www.avoltaenergy.com\\\/en\\\/#\\\/schema\\\/logo\\\/image\\\/\",\"url\":\"https:\\\/\\\/www.avoltaenergy.com\\\/wp-content\\\/uploads\\\/2023\\\/02\\\/AVOLTA_Logo-JPG-peq.jpg\",\"contentUrl\":\"https:\\\/\\\/www.avoltaenergy.com\\\/wp-content\\\/uploads\\\/2023\\\/02\\\/AVOLTA_Logo-JPG-peq.jpg\",\"width\":766,\"height\":230,\"caption\":\"Avolta Energy\"},\"image\":{\"@id\":\"https:\\\/\\\/www.avoltaenergy.com\\\/en\\\/#\\\/schema\\\/logo\\\/image\\\/\"},\"sameAs\":[\"https:\\\/\\\/www.facebook.com\\\/AvoltaEnergyCostaRica\\\/?locale=es_LA\",\"https:\\\/\\\/www.instagram.com\\\/avoltaenergy\\\/?hl=es-la\",\"https:\\\/\\\/cr.linkedin.com\\\/company\\\/avolta-energy\"]}]}<\/script>\n<!-- \/ Yoast SEO plugin. -->","yoast_head_json":{"title":"Photovoltaic panels - Solar energy systems - Costa Rica","description":"Avolta Energy photovoltaic panels: Powering the sustainability of industries. Energy efficiency and cost savings...","robots":{"index":"index","follow":"follow","max-snippet":"max-snippet:-1","max-image-preview":"max-image-preview:large","max-video-preview":"max-video-preview:-1"},"canonical":"https:\/\/www.avoltaenergy.com\/en\/industries\/","og_locale":"en_US","og_type":"article","og_title":"Photovoltaic panels - Solar energy systems - Costa Rica","og_description":"Avolta Energy photovoltaic panels: Powering the sustainability of industries. Energy efficiency and cost savings...","og_url":"https:\/\/www.avoltaenergy.com\/en\/industries\/","og_site_name":"Avolta Energy","article_publisher":"https:\/\/www.facebook.com\/AvoltaEnergyCostaRica\/?locale=es_LA","article_modified_time":"2023-10-10T14:21:30+00:00","og_image":[{"width":1600,"height":600,"url":"https:\/\/www.avoltaenergy.com\/wp-content\/uploads\/2023\/03\/top-insdustrias.webp","type":"image\/webp"}],"twitter_card":"summary_large_image","twitter_misc":{"Est. reading time":"1 minute"},"schema":{"@context":"https:\/\/schema.org","@graph":[{"@type":"WebPage","@id":"https:\/\/www.avoltaenergy.com\/en\/industries\/","url":"https:\/\/www.avoltaenergy.com\/en\/industries\/","name":"Photovoltaic panels - Solar energy systems - Costa Rica","isPartOf":{"@id":"https:\/\/www.avoltaenergy.com\/en\/#website"},"primaryImageOfPage":{"@id":"https:\/\/www.avoltaenergy.com\/en\/industries\/#primaryimage"},"image":{"@id":"https:\/\/www.avoltaenergy.com\/en\/industries\/#primaryimage"},"thumbnailUrl":"https:\/\/www.avoltaenergy.com\/wp-content\/uploads\/2023\/03\/top-insdustrias.webp","datePublished":"2023-03-01T20:27:34+00:00","dateModified":"2023-10-10T14:21:30+00:00","description":"Avolta Energy photovoltaic panels: Powering the sustainability of industries. Energy efficiency and cost savings...","breadcrumb":{"@id":"https:\/\/www.avoltaenergy.com\/en\/industries\/#breadcrumb"},"inLanguage":"en-US","potentialAction":[{"@type":"ReadAction","target":["https:\/\/www.avoltaenergy.com\/en\/industries\/"]}]},{"@type":"ImageObject","inLanguage":"en-US","@id":"https:\/\/www.avoltaenergy.com\/en\/industries\/#primaryimage","url":"https:\/\/www.avoltaenergy.com\/wp-content\/uploads\/2023\/03\/top-insdustrias.webp","contentUrl":"https:\/\/www.avoltaenergy.com\/wp-content\/uploads\/2023\/03\/top-insdustrias.webp","width":1600,"height":600,"caption":"Paneles fotovoltaicos"},{"@type":"BreadcrumbList","@id":"https:\/\/www.avoltaenergy.com\/en\/industries\/#breadcrumb","itemListElement":[{"@type":"ListItem","position":1,"name":"Home","item":"https:\/\/www.avoltaenergy.com\/en\/"},{"@type":"ListItem","position":2,"name":"Industries"}]},{"@type":"WebSite","@id":"https:\/\/www.avoltaenergy.com\/en\/#website","url":"https:\/\/www.avoltaenergy.com\/en\/","name":"Avolta Energy","description":"Soluciones Fotovoltaicas","publisher":{"@id":"https:\/\/www.avoltaenergy.com\/en\/#organization"},"potentialAction":[{"@type":"SearchAction","target":{"@type":"EntryPoint","urlTemplate":"https:\/\/www.avoltaenergy.com\/en\/?s={search_term_string}"},"query-input":{"@type":"PropertyValueSpecification","valueRequired":true,"valueName":"search_term_string"}}],"inLanguage":"en-US"},{"@type":"Organization","@id":"https:\/\/www.avoltaenergy.com\/en\/#organization","name":"Avolta Energy","url":"https:\/\/www.avoltaenergy.com\/en\/","logo":{"@type":"ImageObject","inLanguage":"en-US","@id":"https:\/\/www.avoltaenergy.com\/en\/#\/schema\/logo\/image\/","url":"https:\/\/www.avoltaenergy.com\/wp-content\/uploads\/2023\/02\/AVOLTA_Logo-JPG-peq.jpg","contentUrl":"https:\/\/www.avoltaenergy.com\/wp-content\/uploads\/2023\/02\/AVOLTA_Logo-JPG-peq.jpg","width":766,"height":230,"caption":"Avolta Energy"},"image":{"@id":"https:\/\/www.avoltaenergy.com\/en\/#\/schema\/logo\/image\/"},"sameAs":["https:\/\/www.facebook.com\/AvoltaEnergyCostaRica\/?locale=es_LA","https:\/\/www.instagram.com\/avoltaenergy\/?hl=es-la","https:\/\/cr.linkedin.com\/company\/avolta-energy"]}]}},"_links":{"self":[{"href":"https:\/\/www.avoltaenergy.com\/en\/wp-json\/wp\/v2\/pages\/9391","targetHints":{"allow":["GET"]}}],"collection":[{"href":"https:\/\/www.avoltaenergy.com\/en\/wp-json\/wp\/v2\/pages"}],"about":[{"href":"https:\/\/www.avoltaenergy.com\/en\/wp-json\/wp\/v2\/types\/page"}],"author":[{"embeddable":true,"href":"https:\/\/www.avoltaenergy.com\/en\/wp-json\/wp\/v2\/users\/1"}],"replies":[{"embeddable":true,"href":"https:\/\/www.avoltaenergy.com\/en\/wp-json\/wp\/v2\/comments?post=9391"}],"version-history":[{"count":9,"href":"https:\/\/www.avoltaenergy.com\/en\/wp-json\/wp\/v2\/pages\/9391\/revisions"}],"predecessor-version":[{"id":11891,"href":"https:\/\/www.avoltaenergy.com\/en\/wp-json\/wp\/v2\/pages\/9391\/revisions\/11891"}],"wp:featuredmedia":[{"embeddable":true,"href":"https:\/\/www.avoltaenergy.com\/en\/wp-json\/wp\/v2\/media\/10579"}],"wp:attachment":[{"href":"https:\/\/www.avoltaenergy.com\/en\/wp-json\/wp\/v2\/media?parent=9391"}],"curies":[{"name":"wp","href":"https:\/\/api.w.org\/{rel}","templated":true}]}}