{"id":9577,"date":"2023-02-23T14:03:34","date_gmt":"2023-02-23T20:03:34","guid":{"rendered":"https:\/\/zewsdemo.com\/avolta\/soluciones\/"},"modified":"2024-05-31T12:25:27","modified_gmt":"2024-05-31T18:25:27","slug":"solutions","status":"publish","type":"page","link":"https:\/\/www.avoltaenergy.com\/en\/solutions\/","title":{"rendered":"Solutions"},"content":{"rendered":"\t\t<div data-elementor-type=\"wp-page\" data-elementor-id=\"9577\" class=\"elementor elementor-9577 elementor-1175\" data-elementor-post-type=\"page\">\n\t\t\t\t\t\t<section class=\"elementor-section elementor-top-section elementor-element elementor-element-8ed1e4f cspt-col-stretched-none cspt-bg-color-over-image elementor-section-boxed elementor-section-height-default elementor-section-height-default\" data-id=\"8ed1e4f\" data-element_type=\"section\" data-e-type=\"section\">\n\t\t\t\t\t\t<div class=\"elementor-container elementor-column-gap-default\">\n\t\t\t\t\t<div class=\"elementor-column elementor-col-100 elementor-top-column elementor-element elementor-element-ed678f1 cspt-bg-color-over-image\" data-id=\"ed678f1\" data-element_type=\"column\" data-e-type=\"column\">\n\t\t\t<div class=\"elementor-widget-wrap elementor-element-populated\">\n\t\t\t\t\t\t<div class=\"elementor-element elementor-element-589f6b4 elementor-widget elementor-widget-cspt_service_element\" data-id=\"589f6b4\" data-element_type=\"widget\" data-e-type=\"widget\" data-widget_type=\"cspt_service_element.default\">\n\t\t\t\t<div class=\"elementor-widget-container\">\n\t\t\t\t\t\n\t\t<div class=\"creativesplanet-element creativesplanet-element-service cspt-element-service-style-3 creativesplanet-element-viewtype-row-column creativesplanet-gap-15px\" data-show=\"4\" data-columns=\"2\" data-loop=\"false\" data-autoplay=\"false\" data-center=\"false\" data-nav=\"false\" data-dots=\"false\" data-autoplayspeed=\"1000\" data-margin=\"15px\"><div class=\"creativesplanet-element-inner\">\n\t\t\t\t\t\t\t\t<div class=\"cspt-ele-header-area\">\n\t\t\t\t\t<div class=\"cspt-heading-subheading center-align cspt-reverse-heading-yes\"><div class=\"cspt-element-subtitle\">\n\t\t\t\n\t\t\t\tPhotovoltaic solar solutions\n\t\t\t\n\t\t\t<\/div>\n\t\t<h2 class=\"cspt-element-title\">\n\t\t\t\n\t\t\t\tOur services\n\t\t\t\n\t\t\t<\/h2>\n\t\t<div class=\"cspt-heading-desc\">Learn about the services we offer to start generating your own clean and renewable energy through the installation of solar panels. We offer from technical advice to the installation and maintenance of the equipment, we provide personalized and efficient solutions for your solar energy project.<\/div><\/div>\n\t\t\t\t\n\t\t\t<\/div>\n\t\t\t\t\t\t\n\t\t\t\t\n\t\t\t<div class=\"cspt-element-posts-wrapper row multi-columns-row\">\n\n\t\t\t<div class=\"cspt-ele cspt-service-ele col-md-6 photovoltaic-solutions cspt-term-195\"><article class=\"creativesplanet-ele creativesplanet-ele-service cspt-service-style-3\">\n\t<div class=\"creativesplanet-post-item\">\t\n\t\t<div class=\"cspt-featured-wrapper\"><a href=\"https:\/\/www.avoltaenergy.com\/en\/solucion\/solar-panel-systems\/\"><img fetchpriority=\"high\" decoding=\"async\" width=\"770\" height=\"500\" src=\"https:\/\/www.avoltaenergy.com\/wp-content\/uploads\/2023\/02\/sistemas-solares-top-770x500.webp\" class=\"attachment-cspt-img-770x500 size-cspt-img-770x500 wp-post-image\" alt=\"sistemas-solares-top\" data-id=\"10825\" \/><\/a><\/div>\t\n\t\t<div class=\"creativesplanet-box-content\">\n\t\t\t<div class=\"cspt-service-icon\">\n\t\t\t\t<div class=\"cspt-service-icon-wrapper\">\n\t\t\t\t\t<i class=\"cspt-greenly-icon cspt-greenly-icon-sun\"><\/i>\t\t\t\t<\/div>\n\t\t\t<\/div>\n\t\t\t<div class=\"creativesplanet-box-content-inner\">\n\t\t\t\t<div class=\"cspt-service-category\"><\/div>\n\t\t\t\t<h3 class=\"cspt-service-title\"><a href=\"https:\/\/www.avoltaenergy.com\/en\/solucion\/solar-panel-systems\/\">Solar Panel Systems<\/a><\/h3> \n\t\t\t\t\t\t\t\t<div class=\"cspt-service-content\"><p>Solar panel prices have fallen so much in the last 10 years that it is now cheaper to use solar energy&#8230;<\/p>\n<\/div>\n\t\t\t\t\t\t\t\t<div class=\"cspt-service-btn\">\n\t\t\t\t\t<div class=\"vc_btn3-container vc_btn3-inline\">\n\t\t\t\t\t\t<a class=\"vc_general vc_btn3 vc_btn3-size-md vc_btn3-shape-rounded vc_btn3-style-modern vc_btn3-icon-right vc_btn3-color-globalcolor\" href=\"https:\/\/www.avoltaenergy.com\/en\/solucion\/solar-panel-systems\/\">More<\/a>\n\t\t\t\t\t<\/div>\n\t\t\t\t<\/div>\n\t\t\t<\/div>\n\t\t<\/div>\n\t<\/div>\n<\/article><\/div><div class=\"cspt-ele cspt-service-ele col-md-6 photovoltaic-solutions cspt-term-195\"><article class=\"creativesplanet-ele creativesplanet-ele-service cspt-service-style-3\">\n\t<div class=\"creativesplanet-post-item\">\t\n\t\t<div class=\"cspt-featured-wrapper\"><a href=\"https:\/\/www.avoltaenergy.com\/en\/solucion\/storage-systems-and-microgrids\/\"><img decoding=\"async\" width=\"770\" height=\"500\" src=\"https:\/\/www.avoltaenergy.com\/wp-content\/uploads\/2023\/02\/sistema-de-almacenamiento-770x500.jpg\" class=\"attachment-cspt-img-770x500 size-cspt-img-770x500 wp-post-image\" alt=\"Sistemas de almacenamiento y Microrredes\" data-id=\"8987\" \/><\/a><\/div>\t\n\t\t<div class=\"creativesplanet-box-content\">\n\t\t\t<div class=\"cspt-service-icon\">\n\t\t\t\t<div class=\"cspt-service-icon-wrapper\">\n\t\t\t\t\t<i class=\"cspt-greenly-icon cspt-greenly-icon-recycling-bin\"><\/i>\t\t\t\t<\/div>\n\t\t\t<\/div>\n\t\t\t<div class=\"creativesplanet-box-content-inner\">\n\t\t\t\t<div class=\"cspt-service-category\"><\/div>\n\t\t\t\t<h3 class=\"cspt-service-title\"><a href=\"https:\/\/www.avoltaenergy.com\/en\/solucion\/storage-systems-and-microgrids\/\">Storage Systems and Microgrids<\/a><\/h3> \n\t\t\t\t\t\t\t\t<div class=\"cspt-service-content\"><p>A microgrid is a small autonomous generation island&#8230;<\/p>\n<\/div>\n\t\t\t\t\t\t\t\t<div class=\"cspt-service-btn\">\n\t\t\t\t\t<div class=\"vc_btn3-container vc_btn3-inline\">\n\t\t\t\t\t\t<a class=\"vc_general vc_btn3 vc_btn3-size-md vc_btn3-shape-rounded vc_btn3-style-modern vc_btn3-icon-right vc_btn3-color-globalcolor\" href=\"https:\/\/www.avoltaenergy.com\/en\/solucion\/storage-systems-and-microgrids\/\">More<\/a>\n\t\t\t\t\t<\/div>\n\t\t\t\t<\/div>\n\t\t\t<\/div>\n\t\t<\/div>\n\t<\/div>\n<\/article><\/div><div class=\"cspt-ele cspt-service-ele col-md-6 photovoltaic-solutions cspt-term-195\"><article class=\"creativesplanet-ele creativesplanet-ele-service cspt-service-style-3\">\n\t<div class=\"creativesplanet-post-item\">\t\n\t\t<div class=\"cspt-featured-wrapper\"><a href=\"https:\/\/www.avoltaenergy.com\/en\/solucion\/iso-50001-certification\/\"><img decoding=\"async\" width=\"770\" height=\"500\" src=\"https:\/\/www.avoltaenergy.com\/wp-content\/uploads\/2023\/02\/certificacion-iso-50001-avolta-770x500.webp\" class=\"attachment-cspt-img-770x500 size-cspt-img-770x500 wp-post-image\" alt=\"Certificaci\u00f3n ISO 50001\" data-id=\"8606\" \/><\/a><\/div>\t\n\t\t<div class=\"creativesplanet-box-content\">\n\t\t\t<div class=\"cspt-service-icon\">\n\t\t\t\t<div class=\"cspt-service-icon-wrapper\">\n\t\t\t\t\t<i class=\"cspt-greenly-icon cspt-greenly-icon-renewable-energy\"><\/i>\t\t\t\t<\/div>\n\t\t\t<\/div>\n\t\t\t<div class=\"creativesplanet-box-content-inner\">\n\t\t\t\t<div class=\"cspt-service-category\"><\/div>\n\t\t\t\t<h3 class=\"cspt-service-title\"><a href=\"https:\/\/www.avoltaenergy.com\/en\/solucion\/iso-50001-certification\/\">ISO 50001 certification<\/a><\/h3> \n\t\t\t\t\t\t\t\t<div class=\"cspt-service-content\"><p>ISO 50001 Certification is a voluntary international standard developed by the International&#8230;<\/p>\n<\/div>\n\t\t\t\t\t\t\t\t<div class=\"cspt-service-btn\">\n\t\t\t\t\t<div class=\"vc_btn3-container vc_btn3-inline\">\n\t\t\t\t\t\t<a class=\"vc_general vc_btn3 vc_btn3-size-md vc_btn3-shape-rounded vc_btn3-style-modern vc_btn3-icon-right vc_btn3-color-globalcolor\" href=\"https:\/\/www.avoltaenergy.com\/en\/solucion\/iso-50001-certification\/\">More<\/a>\n\t\t\t\t\t<\/div>\n\t\t\t\t<\/div>\n\t\t\t<\/div>\n\t\t<\/div>\n\t<\/div>\n<\/article><\/div><div class=\"cspt-ele cspt-service-ele col-md-6 cargadores-para-vehiculos-electricos-en cspt-term-361\"><article class=\"creativesplanet-ele creativesplanet-ele-service cspt-service-style-3\">\n\t<div class=\"creativesplanet-post-item\">\t\n\t\t<div class=\"cspt-featured-wrapper\"><a href=\"https:\/\/www.avoltaenergy.com\/en\/solucion\/chargers-for-electric-vehicles\/\"><img loading=\"lazy\" decoding=\"async\" width=\"770\" height=\"500\" src=\"https:\/\/www.avoltaenergy.com\/wp-content\/uploads\/2024\/05\/Cargadores-electricos-Page-title-bar-770x500.webp\" class=\"attachment-cspt-img-770x500 size-cspt-img-770x500 wp-post-image\" alt=\"Electric chargers\" data-id=\"12240\" \/><\/a><\/div>\t\n\t\t<div class=\"creativesplanet-box-content\">\n\t\t\t<div class=\"cspt-service-icon\">\n\t\t\t\t<div class=\"cspt-service-icon-wrapper\">\n\t\t\t\t\t<i class=\"cspt-greenly-icon cspt-greenly-icon-eco-fuel\"><\/i>\t\t\t\t<\/div>\n\t\t\t<\/div>\n\t\t\t<div class=\"creativesplanet-box-content-inner\">\n\t\t\t\t<div class=\"cspt-service-category\"><\/div>\n\t\t\t\t<h3 class=\"cspt-service-title\"><a href=\"https:\/\/www.avoltaenergy.com\/en\/solucion\/chargers-for-electric-vehicles\/\">Chargers for Electric Vehicles<\/a><\/h3> \n\t\t\t\t\t\t\t\t<div class=\"cspt-service-content\"><p>In a world where electric mobility and sustainability are paramount, electric chargers are essential for recharging vehicles in a convenient and eco-friendly manner.<\/p>\n<\/div>\n\t\t\t\t\t\t\t\t<div class=\"cspt-service-btn\">\n\t\t\t\t\t<div class=\"vc_btn3-container vc_btn3-inline\">\n\t\t\t\t\t\t<a class=\"vc_general vc_btn3 vc_btn3-size-md vc_btn3-shape-rounded vc_btn3-style-modern vc_btn3-icon-right vc_btn3-color-globalcolor\" href=\"https:\/\/www.avoltaenergy.com\/en\/solucion\/chargers-for-electric-vehicles\/\">More<\/a>\n\t\t\t\t\t<\/div>\n\t\t\t\t<\/div>\n\t\t\t<\/div>\n\t\t<\/div>\n\t<\/div>\n<\/article><\/div>\n\t\t\t<\/div>\n\n\t\t\t\n\t\t\n\t\t<\/div><!-- .creativesplanet-element-inner -->   <\/div><!-- .creativesplanet-element -->  \n\t    \t\t\t\t<\/div>\n\t\t\t\t<\/div>\n\t\t\t\t\t<\/div>\n\t\t<\/div>\n\t\t\t\t\t<\/div>\n\t\t<\/section>\n\t\t\t\t<\/div>\n\t\t","protected":false},"excerpt":{"rendered":"<p>Photovoltaic solar solutions Our services Learn about the services we offer to start generating your own clean and renewable energy through the installation of solar panels. We offer from technical advice to the installation and maintenance of the equipment, we provide personalized and efficient solutions for your solar energy project. Sistemas solares fotovoltaicos De todas las fuentes de energ\u00eda renovable, la energ\u00eda solar fotovoltaica se ha posicionado como&#8230; Leer m\u00e1s[&hellip;]<\/p>\n","protected":false},"author":1,"featured_media":9115,"parent":0,"menu_order":0,"comment_status":"closed","ping_status":"closed","template":"","meta":{"_acf_changed":false,"_joinchat":[],"footnotes":""},"class_list":["post-9577","page","type-page","status-publish","has-post-thumbnail","hentry"],"acf":[],"yoast_head":"<!-- This site is optimized with the Yoast SEO plugin v27.2 - https:\/\/yoast.com\/product\/yoast-seo-wordpress\/ -->\n<title>Solar energy solutions for business and industry - Costa Rica<\/title>\n<meta name=\"description\" content=\"We offer services to start generating your own clean and renewable energy through the installation of solar panels.\" \/>\n<meta name=\"robots\" content=\"index, follow, max-snippet:-1, max-image-preview:large, max-video-preview:-1\" \/>\n<link rel=\"canonical\" href=\"https:\/\/www.avoltaenergy.com\/en\/solutions\/\" \/>\n<meta property=\"og:locale\" content=\"en_US\" \/>\n<meta property=\"og:type\" content=\"article\" \/>\n<meta property=\"og:title\" content=\"Solar energy solutions for business and industry - Costa Rica\" \/>\n<meta property=\"og:description\" content=\"We offer services to start generating your own clean and renewable energy through the installation of solar panels.\" \/>\n<meta property=\"og:url\" content=\"https:\/\/www.avoltaenergy.com\/en\/solutions\/\" \/>\n<meta property=\"og:site_name\" content=\"Avolta Energy\" \/>\n<meta property=\"article:publisher\" content=\"https:\/\/www.facebook.com\/AvoltaEnergyCostaRica\/?locale=es_LA\" \/>\n<meta property=\"article:modified_time\" content=\"2024-05-31T18:25:27+00:00\" \/>\n<meta property=\"og:image\" content=\"https:\/\/www.avoltaenergy.com\/wp-content\/uploads\/2023\/03\/icu-medical-6.webp\" \/>\n\t<meta property=\"og:image:width\" content=\"1200\" \/>\n\t<meta property=\"og:image:height\" content=\"800\" \/>\n\t<meta property=\"og:image:type\" content=\"image\/webp\" \/>\n<meta name=\"twitter:card\" content=\"summary_large_image\" \/>\n<meta name=\"twitter:label1\" content=\"Est. reading time\" \/>\n\t<meta name=\"twitter:data1\" content=\"2 minutes\" \/>\n<script type=\"application\/ld+json\" class=\"yoast-schema-graph\">{\"@context\":\"https:\/\/schema.org\",\"@graph\":[{\"@type\":\"WebPage\",\"@id\":\"https:\/\/www.avoltaenergy.com\/en\/solutions\/\",\"url\":\"https:\/\/www.avoltaenergy.com\/en\/solutions\/\",\"name\":\"Solar energy solutions for business and industry - Costa Rica\",\"isPartOf\":{\"@id\":\"https:\/\/www.avoltaenergy.com\/en\/#website\"},\"primaryImageOfPage\":{\"@id\":\"https:\/\/www.avoltaenergy.com\/en\/solutions\/#primaryimage\"},\"image\":{\"@id\":\"https:\/\/www.avoltaenergy.com\/en\/solutions\/#primaryimage\"},\"thumbnailUrl\":\"https:\/\/www.avoltaenergy.com\/wp-content\/uploads\/2023\/03\/icu-medical-6.webp\",\"datePublished\":\"2023-02-23T20:03:34+00:00\",\"dateModified\":\"2024-05-31T18:25:27+00:00\",\"description\":\"We offer services to start generating your own clean and renewable energy through the installation of solar panels.\",\"breadcrumb\":{\"@id\":\"https:\/\/www.avoltaenergy.com\/en\/solutions\/#breadcrumb\"},\"inLanguage\":\"en-US\",\"potentialAction\":[{\"@type\":\"ReadAction\",\"target\":[\"https:\/\/www.avoltaenergy.com\/en\/solutions\/\"]}]},{\"@type\":\"ImageObject\",\"inLanguage\":\"en-US\",\"@id\":\"https:\/\/www.avoltaenergy.com\/en\/solutions\/#primaryimage\",\"url\":\"https:\/\/www.avoltaenergy.com\/wp-content\/uploads\/2023\/03\/icu-medical-6.webp\",\"contentUrl\":\"https:\/\/www.avoltaenergy.com\/wp-content\/uploads\/2023\/03\/icu-medical-6.webp\",\"width\":1200,\"height\":800,\"caption\":\"Soluciones de energ\u00eda solar\"},{\"@type\":\"BreadcrumbList\",\"@id\":\"https:\/\/www.avoltaenergy.com\/en\/solutions\/#breadcrumb\",\"itemListElement\":[{\"@type\":\"ListItem\",\"position\":1,\"name\":\"Home\",\"item\":\"https:\/\/www.avoltaenergy.com\/en\/\"},{\"@type\":\"ListItem\",\"position\":2,\"name\":\"Solutions\"}]},{\"@type\":\"WebSite\",\"@id\":\"https:\/\/www.avoltaenergy.com\/en\/#website\",\"url\":\"https:\/\/www.avoltaenergy.com\/en\/\",\"name\":\"Avolta Energy\",\"description\":\"Soluciones Fotovoltaicas\",\"publisher\":{\"@id\":\"https:\/\/www.avoltaenergy.com\/en\/#organization\"},\"potentialAction\":[{\"@type\":\"SearchAction\",\"target\":{\"@type\":\"EntryPoint\",\"urlTemplate\":\"https:\/\/www.avoltaenergy.com\/en\/?s={search_term_string}\"},\"query-input\":{\"@type\":\"PropertyValueSpecification\",\"valueRequired\":true,\"valueName\":\"search_term_string\"}}],\"inLanguage\":\"en-US\"},{\"@type\":\"Organization\",\"@id\":\"https:\/\/www.avoltaenergy.com\/en\/#organization\",\"name\":\"Avolta Energy\",\"url\":\"https:\/\/www.avoltaenergy.com\/en\/\",\"logo\":{\"@type\":\"ImageObject\",\"inLanguage\":\"en-US\",\"@id\":\"https:\/\/www.avoltaenergy.com\/en\/#\/schema\/logo\/image\/\",\"url\":\"https:\/\/www.avoltaenergy.com\/wp-content\/uploads\/2023\/02\/AVOLTA_Logo-JPG-peq.jpg\",\"contentUrl\":\"https:\/\/www.avoltaenergy.com\/wp-content\/uploads\/2023\/02\/AVOLTA_Logo-JPG-peq.jpg\",\"width\":766,\"height\":230,\"caption\":\"Avolta Energy\"},\"image\":{\"@id\":\"https:\/\/www.avoltaenergy.com\/en\/#\/schema\/logo\/image\/\"},\"sameAs\":[\"https:\/\/www.facebook.com\/AvoltaEnergyCostaRica\/?locale=es_LA\",\"https:\/\/www.instagram.com\/avoltaenergy\/?hl=es-la\",\"https:\/\/cr.linkedin.com\/company\/avolta-energy\"]}]}<\/script>\n<!-- \/ Yoast SEO plugin. -->","yoast_head_json":{"title":"Solar energy solutions for business and industry - Costa Rica","description":"We offer services to start generating your own clean and renewable energy through the installation of solar panels.","robots":{"index":"index","follow":"follow","max-snippet":"max-snippet:-1","max-image-preview":"max-image-preview:large","max-video-preview":"max-video-preview:-1"},"canonical":"https:\/\/www.avoltaenergy.com\/en\/solutions\/","og_locale":"en_US","og_type":"article","og_title":"Solar energy solutions for business and industry - Costa Rica","og_description":"We offer services to start generating your own clean and renewable energy through the installation of solar panels.","og_url":"https:\/\/www.avoltaenergy.com\/en\/solutions\/","og_site_name":"Avolta Energy","article_publisher":"https:\/\/www.facebook.com\/AvoltaEnergyCostaRica\/?locale=es_LA","article_modified_time":"2024-05-31T18:25:27+00:00","og_image":[{"width":1200,"height":800,"url":"https:\/\/www.avoltaenergy.com\/wp-content\/uploads\/2023\/03\/icu-medical-6.webp","type":"image\/webp"}],"twitter_card":"summary_large_image","twitter_misc":{"Est. reading time":"2 minutes"},"schema":{"@context":"https:\/\/schema.org","@graph":[{"@type":"WebPage","@id":"https:\/\/www.avoltaenergy.com\/en\/solutions\/","url":"https:\/\/www.avoltaenergy.com\/en\/solutions\/","name":"Solar energy solutions for business and industry - Costa Rica","isPartOf":{"@id":"https:\/\/www.avoltaenergy.com\/en\/#website"},"primaryImageOfPage":{"@id":"https:\/\/www.avoltaenergy.com\/en\/solutions\/#primaryimage"},"image":{"@id":"https:\/\/www.avoltaenergy.com\/en\/solutions\/#primaryimage"},"thumbnailUrl":"https:\/\/www.avoltaenergy.com\/wp-content\/uploads\/2023\/03\/icu-medical-6.webp","datePublished":"2023-02-23T20:03:34+00:00","dateModified":"2024-05-31T18:25:27+00:00","description":"We offer services to start generating your own clean and renewable energy through the installation of solar panels.","breadcrumb":{"@id":"https:\/\/www.avoltaenergy.com\/en\/solutions\/#breadcrumb"},"inLanguage":"en-US","potentialAction":[{"@type":"ReadAction","target":["https:\/\/www.avoltaenergy.com\/en\/solutions\/"]}]},{"@type":"ImageObject","inLanguage":"en-US","@id":"https:\/\/www.avoltaenergy.com\/en\/solutions\/#primaryimage","url":"https:\/\/www.avoltaenergy.com\/wp-content\/uploads\/2023\/03\/icu-medical-6.webp","contentUrl":"https:\/\/www.avoltaenergy.com\/wp-content\/uploads\/2023\/03\/icu-medical-6.webp","width":1200,"height":800,"caption":"Soluciones de energ\u00eda solar"},{"@type":"BreadcrumbList","@id":"https:\/\/www.avoltaenergy.com\/en\/solutions\/#breadcrumb","itemListElement":[{"@type":"ListItem","position":1,"name":"Home","item":"https:\/\/www.avoltaenergy.com\/en\/"},{"@type":"ListItem","position":2,"name":"Solutions"}]},{"@type":"WebSite","@id":"https:\/\/www.avoltaenergy.com\/en\/#website","url":"https:\/\/www.avoltaenergy.com\/en\/","name":"Avolta Energy","description":"Soluciones Fotovoltaicas","publisher":{"@id":"https:\/\/www.avoltaenergy.com\/en\/#organization"},"potentialAction":[{"@type":"SearchAction","target":{"@type":"EntryPoint","urlTemplate":"https:\/\/www.avoltaenergy.com\/en\/?s={search_term_string}"},"query-input":{"@type":"PropertyValueSpecification","valueRequired":true,"valueName":"search_term_string"}}],"inLanguage":"en-US"},{"@type":"Organization","@id":"https:\/\/www.avoltaenergy.com\/en\/#organization","name":"Avolta Energy","url":"https:\/\/www.avoltaenergy.com\/en\/","logo":{"@type":"ImageObject","inLanguage":"en-US","@id":"https:\/\/www.avoltaenergy.com\/en\/#\/schema\/logo\/image\/","url":"https:\/\/www.avoltaenergy.com\/wp-content\/uploads\/2023\/02\/AVOLTA_Logo-JPG-peq.jpg","contentUrl":"https:\/\/www.avoltaenergy.com\/wp-content\/uploads\/2023\/02\/AVOLTA_Logo-JPG-peq.jpg","width":766,"height":230,"caption":"Avolta Energy"},"image":{"@id":"https:\/\/www.avoltaenergy.com\/en\/#\/schema\/logo\/image\/"},"sameAs":["https:\/\/www.facebook.com\/AvoltaEnergyCostaRica\/?locale=es_LA","https:\/\/www.instagram.com\/avoltaenergy\/?hl=es-la","https:\/\/cr.linkedin.com\/company\/avolta-energy"]}]}},"_links":{"self":[{"href":"https:\/\/www.avoltaenergy.com\/en\/wp-json\/wp\/v2\/pages\/9577","targetHints":{"allow":["GET"]}}],"collection":[{"href":"https:\/\/www.avoltaenergy.com\/en\/wp-json\/wp\/v2\/pages"}],"about":[{"href":"https:\/\/www.avoltaenergy.com\/en\/wp-json\/wp\/v2\/types\/page"}],"author":[{"embeddable":true,"href":"https:\/\/www.avoltaenergy.com\/en\/wp-json\/wp\/v2\/users\/1"}],"replies":[{"embeddable":true,"href":"https:\/\/www.avoltaenergy.com\/en\/wp-json\/wp\/v2\/comments?post=9577"}],"version-history":[{"count":4,"href":"https:\/\/www.avoltaenergy.com\/en\/wp-json\/wp\/v2\/pages\/9577\/revisions"}],"predecessor-version":[{"id":12273,"href":"https:\/\/www.avoltaenergy.com\/en\/wp-json\/wp\/v2\/pages\/9577\/revisions\/12273"}],"wp:featuredmedia":[{"embeddable":true,"href":"https:\/\/www.avoltaenergy.com\/en\/wp-json\/wp\/v2\/media\/9115"}],"wp:attachment":[{"href":"https:\/\/www.avoltaenergy.com\/en\/wp-json\/wp\/v2\/media?parent=9577"}],"curies":[{"name":"wp","href":"https:\/\/api.w.org\/{rel}","templated":true}]}}